{"id":109,"date":"2019-08-07T10:22:25","date_gmt":"2019-08-07T10:22:25","guid":{"rendered":"https:\/\/chorgemeinschaft-aufderhoehe.de\/?page_id=109"},"modified":"2025-01-29T08:07:14","modified_gmt":"2025-01-29T08:07:14","slug":"unser-chor","status":"publish","type":"page","link":"https:\/\/chorgemeinschaft-aufderhoehe.de\/?page_id=109","title":{"rendered":"Unser Chor"},"content":{"rendered":"<p>[et_pb_section fb_built=&#8220;1&#8243; _builder_version=&#8220;4.21.0&#8243; background_image=&#8220;https:\/\/chorgemeinschaft-aufderhoehe.de\/wp-content\/uploads\/2019\/08\/background-unterseiten.png&#8220; background_size=&#8220;initial&#8220; background_position=&#8220;top_center&#8220; custom_padding=&#8220;||202px|||&#8220; global_colors_info=&#8220;{}&#8220;][et_pb_row _builder_version=&#8220;4.16&#8243; custom_margin=&#8220;0px||||false|false&#8220; custom_padding=&#8220;0px||||false|false&#8220; global_colors_info=&#8220;{}&#8220;][et_pb_column type=&#8220;4_4&#8243; _builder_version=&#8220;4.16&#8243; global_colors_info=&#8220;{}&#8220;][et_pb_text _builder_version=&#8220;4.16&#8243; header_font=&#8220;Libre Baskerville||||||||&#8220; header_text_align=&#8220;center&#8220; header_font_size=&#8220;65px&#8220; custom_padding=&#8220;109px||0px|||&#8220; global_colors_info=&#8220;{}&#8220;]<\/p>\n<h1>Die &gt;&gt;Aufderh\u00f6her&lt;&lt; ein gemischter Chor<\/h1>\n<p>[\/et_pb_text][\/et_pb_column][\/et_pb_row][et_pb_row _builder_version=&#8220;4.16&#8243; max_width=&#8220;1420px&#8220; global_colors_info=&#8220;{}&#8220;][et_pb_column type=&#8220;4_4&#8243; _builder_version=&#8220;4.16&#8243; global_colors_info=&#8220;{}&#8220;][et_pb_text _builder_version=&#8220;4.16&#8243; text_text_color=&#8220;#000000&#8243; text_font_size=&#8220;24px&#8220; text_line_height=&#8220;1.8em&#8220; global_colors_info=&#8220;{}&#8220;]<\/p>\n<p>Wir m\u00f6chten unsere Konzertbesucher mit immer neuen Ideen begeistern, unsere Gemeinschaft st\u00e4rken und Freundschaften zu anderen Ch\u00f6ren im In- und Ausland pflegen.<\/p>\n<p><strong>Unsere Proben und sonstigen Aktivit\u00e4ten<\/strong><br \/><strong>Wo singen wir?<\/strong><br \/>Zentrum Frieden, Wupperstra\u00dfe 120, 42651 Solingen<\/p>\n<p><strong>Wann singen wir?<\/strong><br \/>Jeden Mittwoch von 18\u201319.30 Uhr<\/p>\n<p><strong>Was singen wir?<\/strong><br \/>Unser Repertoire umfasst Volkslieder, Operetten, Opern, Musicals, geistliche Musik, traditionelle und moderne Chors\u00e4tze.<\/p>\n<p><strong>Geselligkeit:<\/strong><br \/>Bei S\u00e4ngerfesten befreundeter Vereine, jeden Mittwoch beim geselligen Beisammensein nach der Probe und nach jedem Konzert.<\/p>\n<p>&nbsp;<\/p>\n<p><strong>Aktivit\u00e4ten:<\/strong><\/p>\n<p>Choraustausch mit dem befreundeten, franz\u00f6sischen Chor \u201eCrescendo di\u00e8se\u201c aus Amiens<\/p>\n<p>Mitwirken bei S\u00e4ngerfesten befreundeter Ch\u00f6re<\/p>\n<p>J\u00e4hrliches Stimm- und Weiterbildungsseminar zur Vorbereitung von Konzerten<\/p>\n<p>Singen in sozialen Einrichtungen u.a. in Seniorenheimen<\/p>\n<p>Reisen mit und ohne Konzertauftritte, z.B.<\/p>\n<p>Verona, S\u00fcdtirol, Roses \/ Spanien, Comer See, Ressons sur Matz, St. Martin \/ Pfalz, Bad Neustadt, Amiens \/ Frankreich.<\/p>\n<p>&nbsp;<\/p>\n<p><strong>Historie:<\/strong><\/p>\n<p>Die Aufderh\u00f6her \u2013 Ein Traditionsverein bl\u00fcht auf<\/p>\n<p>Vor \u00fcber 125 Jahren fand sich in der Ortschaft Steinendorf mehrmals w\u00f6chentlich die \u201ereifere m\u00e4nnliche Jugend\u201c zu gem\u00fctlichen Singstunden zusammen. Aus diesem Kreise wurde im Jahre 1892 der \u201eM\u00e4nner-Gesang-Verein Einigkeit Steinendorf\u201c mit 20 Mitgliedern gegr\u00fcndet.<\/p>\n<p>Im Jahre 1945 vereinigte sich die \u201eEinigkeit Steinendorf\u201c mit dem \u201eM\u00e4nner-Gesang-Verein Freiheit Aufderh\u00f6he\u201c und es entstand die \u201eChorgemeinschaft Aufderh\u00f6he 1892 e.V.\u201c Auf vielseitigen Wunsch wurde dann 1947 ein Damenchor angegliedert. Zun\u00e4chst wurde getrennt geprobt und konzertiert, aber es standen auch viele gemeinsame Konzerte und andere Aktivit\u00e4ten auf dem Programm. Vor allem in den Jubil\u00e4umsjahren wurde mit besonderen Konzerten gefeiert:<\/p>\n<p>1952 60 Jahre 1972 25 Jahre Frauenchor<\/p>\n<p>1967 75 Jahre 1987 40 Jahre Frauenchor<\/p>\n<p>1982 90 Jahre 1997 50 Jahre Frauenchor<\/p>\n<p>1992 100 Jahre<\/p>\n<p>2002 110 Jahre<\/p>\n<p>2012 120 Jahre<\/p>\n<p>1992 verlieh der Bundespr\u00e4sident der Chorgemeinschaft Aufderh\u00f6he die Zelterplakette f\u00fcr Verdienste um den Chorgesang.<\/p>\n<p>In der Geschichte des Chores gab es viele hochkar\u00e4tige Festkonzerte mit namhaften Solisten wie z.B. Rudolf Schock, G\u00fcnter Wewel und den Schaumburger M\u00e4rchens\u00e4ngern.<\/p>\n<p>Der damalige k\u00fcnstlerische Leiter der Chorgemeinschaft Aufderh\u00f6he Musikdirektor Ernst Olbertz formte den Chor zu einem au\u00dfergew\u00f6hnlich guten und homogenen Klangk\u00f6rper. Er dirigierte den Chor 50 Jahre lang.<\/p>\n<p>siehe auch: 100 Jahre Chorgemeinschaft Aufderh\u00f6he<br \/>50 Jahre Frauenchor u. 1993 bis 2002<\/p>\n<p>2005 \u00fcbernahm die Sopranistin Birgit Harnisch 10 Jahre lang die k\u00fcnstlerische Leitung des Chores. Durch ihre Arbeit entwickelte sich der Chor stimmlich und musikalisch. Seit 2006 begleitete die Konzertpianistin Nadja Bulatovic als Pianistin und stellvertretende Chorleiterin die Arbeit des Chores . Sie \u00fcbernahm 2015 die verantwortliche Leitung. F\u00fcr die Stimmbildung des Chores arbeitete sie mit der Gesangsp\u00e4dagogin Julia Nikolajczyk zusammen.<\/p>\n<p>Entgegen den r\u00fcckl\u00e4ufigen Tendenzen im Chorgesang konnte der Chor immer wieder neue Mitglieder gewinnen. Die Chorgemeinschaft und ihre k\u00fcnstlerische Leiterin setzten sich intensiv f\u00fcr eine weitere positive Entwicklung und Steigerung der Qualit\u00e4t ein, auch mit Unterst\u00fctzung von F\u00f6rdermitgliedern und Sponsoren.<\/p>\n<p>Im September 2020 hat Thorsten Sch\u00e4ffer die k\u00fcnstlerische Leitung des Chores \u00fcbernommen. Mit ihm konnte die Chorgemeinschaft einen Chorleiter und Musikp\u00e4dagogen gewinnen, der als freischaffender Konzertpianist, Dirigent, Komponist und Arrangeur sowie als Dozent f\u00fcr Klavier, Dirigat, Tonsatz und Komposition arbeitet. Die Gesangsp\u00e4dagogin Julia Nikolajczyk ist weiterhin f\u00fcr die Stimmbildung der mehr als 60 Chormitglieder zust\u00e4ndig.<\/p>\n<p><strong>Singen Sie mit uns. Wir laden Sie ein!<\/strong><br \/><strong>Besuchen Sie unsere Konzerte und \u00f6ffentlichen Auftritte.<\/strong><br \/><strong>Werden Sie F\u00f6rdermitglied.<\/strong><\/p>\n<p><strong>Kontakt:<\/strong><br \/><strong>info@chorgemeinschaft-aufderhoehe.de<\/strong><\/p>\n<p>[\/et_pb_text][et_pb_button button_url=&#8220;https:\/\/chorgemeinschaft-aufderhoehe.de\/wp-content\/uploads\/2022\/05\/Satzung-2022.pdf&#8220; url_new_window=&#8220;on&#8220; button_text=&#8220;Satzung&#8220; _builder_version=&#8220;4.16.1&#8243; custom_button=&#8220;on&#8220; button_text_color=&#8220;#ffffff&#8220; button_bg_color=&#8220;#71257f&#8220; global_colors_info=&#8220;{}&#8220;][\/et_pb_button][\/et_pb_column][\/et_pb_row][\/et_pb_section][et_pb_section fb_built=&#8220;1&#8243; _builder_version=&#8220;4.16&#8243; custom_padding=&#8220;56px|||||&#8220; global_colors_info=&#8220;{}&#8220;][\/et_pb_section]<\/p>\n","protected":false},"excerpt":{"rendered":"<p>Die &gt;&gt;Aufderh\u00f6her&lt;&lt; ein gemischter ChorWir m\u00f6chten unsere Konzertbesucher mit immer neuen Ideen begeistern, unsere Gemeinschaft st\u00e4rken und Freundschaften zu anderen Ch\u00f6ren im In- und Ausland pflegen. Unsere Proben und sonstigen Aktivit\u00e4tenWo singen wir?Zentrum Frieden, Wupperstra\u00dfe 120, 42651 Solingen Wann singen wir?Jeden Mittwoch von 18\u201319.30 Uhr Was singen wir?Unser Repertoire umfasst Volkslieder, Operetten, Opern, Musicals, geistliche [&hellip;]<\/p>\n","protected":false},"author":3,"featured_media":0,"parent":0,"menu_order":0,"comment_status":"closed","ping_status":"closed","template":"","meta":{"_et_pb_use_builder":"on","_et_pb_old_content":"","_et_gb_content_width":"","footnotes":""},"class_list":["post-109","page","type-page","status-publish","hentry"],"_links":{"self":[{"href":"https:\/\/chorgemeinschaft-aufderhoehe.de\/index.php?rest_route=\/wp\/v2\/pages\/109","targetHints":{"allow":["GET"]}}],"collection":[{"href":"https:\/\/chorgemeinschaft-aufderhoehe.de\/index.php?rest_route=\/wp\/v2\/pages"}],"about":[{"href":"https:\/\/chorgemeinschaft-aufderhoehe.de\/index.php?rest_route=\/wp\/v2\/types\/page"}],"author":[{"embeddable":true,"href":"https:\/\/chorgemeinschaft-aufderhoehe.de\/index.php?rest_route=\/wp\/v2\/users\/3"}],"replies":[{"embeddable":true,"href":"https:\/\/chorgemeinschaft-aufderhoehe.de\/index.php?rest_route=%2Fwp%2Fv2%2Fcomments&post=109"}],"version-history":[{"count":19,"href":"https:\/\/chorgemeinschaft-aufderhoehe.de\/index.php?rest_route=\/wp\/v2\/pages\/109\/revisions"}],"predecessor-version":[{"id":1683,"href":"https:\/\/chorgemeinschaft-aufderhoehe.de\/index.php?rest_route=\/wp\/v2\/pages\/109\/revisions\/1683"}],"wp:attachment":[{"href":"https:\/\/chorgemeinschaft-aufderhoehe.de\/index.php?rest_route=%2Fwp%2Fv2%2Fmedia&parent=109"}],"curies":[{"name":"wp","href":"https:\/\/api.w.org\/{rel}","templated":true}]}}