{"id":176,"date":"2019-08-07T13:09:26","date_gmt":"2019-08-07T13:09:26","guid":{"rendered":"https:\/\/chorgemeinschaft-aufderhoehe.de\/?page_id=176"},"modified":"2026-03-08T14:17:48","modified_gmt":"2026-03-08T14:17:48","slug":"bildergalerie","status":"publish","type":"page","link":"https:\/\/chorgemeinschaft-aufderhoehe.de\/?page_id=176","title":{"rendered":"Bildergalerie"},"content":{"rendered":"<p>[et_pb_section fb_built=&#8220;1&#8243; _builder_version=&#8220;4.17.6&#8243; background_image=&#8220;https:\/\/chorgemeinschaft-aufderhoehe.de\/wp-content\/uploads\/2019\/08\/background-unterseiten.png&#8220; background_size=&#8220;initial&#8220; custom_padding=&#8220;164px||164px||true|&#8220; global_colors_info=&#8220;{}&#8220;][et_pb_row _builder_version=&#8220;4.16&#8243; custom_margin=&#8220;0px||||false|false&#8220; custom_padding=&#8220;0px||||false|false&#8220; global_colors_info=&#8220;{}&#8220;][et_pb_column type=&#8220;4_4&#8243; _builder_version=&#8220;4.16&#8243; global_colors_info=&#8220;{}&#8220;][et_pb_text _builder_version=&#8220;4.16&#8243; text_text_color=&#8220;#000000&#8243; text_font_size=&#8220;23px&#8220; header_font=&#8220;Libre Baskerville||||||||&#8220; header_text_align=&#8220;center&#8220; header_font_size=&#8220;65px&#8220; custom_padding=&#8220;109px||0px|||&#8220; global_colors_info=&#8220;{}&#8220;]<\/p>\n<h1>Bildergalerie<\/h1>\n<p style=\"text-align: center;\">Wir danken Thomas W\u00f6lfer f\u00fcr die freundliche \u00dcberlassung der Bilder!<\/p>\n<p style=\"text-align: center;\"><a href=\"http:\/\/www.ARThomas.de\">www.ARThomas.de<\/a><\/p>\n<p>[\/et_pb_text][\/et_pb_column][\/et_pb_row][\/et_pb_section][et_pb_section fb_built=&#8220;1&#8243; _builder_version=&#8220;4.16&#8243; custom_padding=&#8220;56px|||||&#8220; global_colors_info=&#8220;{}&#8220;][et_pb_row column_structure=&#8220;1_2,1_2&#8243; _builder_version=&#8220;4.17.6&#8243; custom_margin=&#8220;-131px|auto||auto||&#8220; global_colors_info=&#8220;{}&#8220;][et_pb_column type=&#8220;1_2&#8243; _builder_version=&#8220;4.16&#8243; global_colors_info=&#8220;{}&#8220;][et_pb_text _builder_version=&#8220;4.24.2&#8243; text_text_color=&#8220;#000000&#8243; text_font_size=&#8220;24px&#8220; text_line_height=&#8220;1.6em&#8220; hover_enabled=&#8220;0&#8243; global_colors_info=&#8220;{}&#8220; sticky_enabled=&#8220;0&#8243;]<\/p>\n<h2 style=\"text-align: left;\"><strong>Neujahrsempfang der Ohligser Jongens: 11.02.2026<\/strong><\/h2>\n<p>[\/et_pb_text][et_pb_gallery gallery_ids=&#8220;1796&#8243; fullwidth=&#8220;on&#8220; _builder_version=&#8220;4.24.2&#8243; text_orientation=&#8220;center&#8220; custom_padding=&#8220;0px|||||&#8220; global_colors_info=&#8220;{}&#8220;][\/et_pb_gallery][\/et_pb_column][et_pb_column type=&#8220;1_2&#8243; _builder_version=&#8220;4.16&#8243; global_colors_info=&#8220;{}&#8220;][et_pb_text _builder_version=&#8220;4.24.2&#8243; text_text_color=&#8220;#000000&#8243; text_font_size=&#8220;24px&#8220; text_line_height=&#8220;1.6em&#8220; global_colors_info=&#8220;{}&#8220;]<\/p>\n<h2 style=\"text-align: left;\"><strong>Weihnachtskonzert: 07.12.2025<\/strong><\/h2>\n<p>[\/et_pb_text][et_pb_gallery gallery_ids=&#8220;1775,1772,1774,1773,1776,1777,1783&#8243; fullwidth=&#8220;on&#8220; _builder_version=&#8220;4.24.2&#8243; text_orientation=&#8220;center&#8220; custom_padding=&#8220;0px|||||&#8220; global_colors_info=&#8220;{}&#8220;][\/et_pb_gallery][et_pb_text _builder_version=&#8220;4.24.2&#8243; _module_preset=&#8220;default&#8220; custom_margin=&#8220;-22px||||false|false&#8220; global_colors_info=&#8220;{}&#8220;]<\/p>\n<p>Fotos: Thomas W\u00f6lfer<\/p>\n<p>[\/et_pb_text][et_pb_divider show_divider=&#8220;off&#8220; _builder_version=&#8220;4.24.2&#8243; _module_preset=&#8220;default&#8220; custom_padding=&#8220;25px||25px||false|false&#8220; global_colors_info=&#8220;{}&#8220;][\/et_pb_divider][\/et_pb_column][\/et_pb_row][et_pb_row column_structure=&#8220;1_2,1_2&#8243; _builder_version=&#8220;4.17.6&#8243; custom_margin=&#8220;-131px|auto||auto||&#8220; global_colors_info=&#8220;{}&#8220;][et_pb_column type=&#8220;1_2&#8243; _builder_version=&#8220;4.16&#8243; global_colors_info=&#8220;{}&#8220;][et_pb_text _builder_version=&#8220;4.24.2&#8243; text_text_color=&#8220;#000000&#8243; text_font_size=&#8220;24px&#8220; text_line_height=&#8220;1.6em&#8220; hover_enabled=&#8220;0&#8243; global_colors_info=&#8220;{}&#8220; sticky_enabled=&#8220;0&#8243;]<\/p>\n<h2 style=\"text-align: left;\"><strong>Klingenklang: 14.06.2025<\/strong><\/h2>\n<p>[\/et_pb_text][et_pb_gallery gallery_ids=&#8220;1728,1723,1724,1725,1726,1727,1729,1730,1731,1732,1733,1734,1735,1736,1737,1738,1739,1740,1741,1742,1743&#8243; fullwidth=&#8220;on&#8220; _builder_version=&#8220;4.24.2&#8243; text_orientation=&#8220;center&#8220; custom_padding=&#8220;0px|||||&#8220; global_colors_info=&#8220;{}&#8220;][\/et_pb_gallery][et_pb_text _builder_version=&#8220;4.24.2&#8243; _module_preset=&#8220;default&#8220; custom_margin=&#8220;-22px||||false|false&#8220; global_colors_info=&#8220;{}&#8220;]<\/p>\n<p>Fotos: Thomas W\u00f6lfer<\/p>\n<p>[\/et_pb_text][\/et_pb_column][et_pb_column type=&#8220;1_2&#8243; _builder_version=&#8220;4.16&#8243; global_colors_info=&#8220;{}&#8220;][et_pb_text _builder_version=&#8220;4.24.2&#8243; text_text_color=&#8220;#000000&#8243; text_font_size=&#8220;24px&#8220; text_line_height=&#8220;1.6em&#8220; global_colors_info=&#8220;{}&#8220;]<\/p>\n<h2 style=\"text-align: left;\"><strong>Weihnachtskonzert: 01.12.2024<\/strong><\/h2>\n<p>[\/et_pb_text][et_pb_gallery gallery_ids=&#8220;1663,1664,1665,1666,1667,1668,1669,1670,1671,1672,1673,1674,1675&#8243; fullwidth=&#8220;on&#8220; _builder_version=&#8220;4.24.2&#8243; text_orientation=&#8220;center&#8220; custom_padding=&#8220;0px|||||&#8220; global_colors_info=&#8220;{}&#8220;][\/et_pb_gallery][et_pb_divider show_divider=&#8220;off&#8220; _builder_version=&#8220;4.24.2&#8243; _module_preset=&#8220;default&#8220; custom_padding=&#8220;25px||25px||false|false&#8220; global_colors_info=&#8220;{}&#8220;][\/et_pb_divider][\/et_pb_column][\/et_pb_row][et_pb_row column_structure=&#8220;1_2,1_2&#8243; _builder_version=&#8220;4.17.6&#8243; custom_margin=&#8220;-131px|auto||auto||&#8220; global_colors_info=&#8220;{}&#8220;][et_pb_column type=&#8220;1_2&#8243; _builder_version=&#8220;4.16&#8243; global_colors_info=&#8220;{}&#8220;][et_pb_text _builder_version=&#8220;4.24.2&#8243; text_text_color=&#8220;#000000&#8243; text_font_size=&#8220;24px&#8220; text_line_height=&#8220;1.6em&#8220; global_colors_info=&#8220;{}&#8220;]<\/p>\n<h2 style=\"text-align: left;\"><strong>Chorfahrt in den Harz: 06.-10.06.2024<\/strong><\/h2>\n<p>[\/et_pb_text][et_pb_gallery gallery_ids=&#8220;1636,1637,1638,1639,1640,1641,1642,1643,1644&#8243; fullwidth=&#8220;on&#8220; _builder_version=&#8220;4.24.2&#8243; text_orientation=&#8220;center&#8220; custom_padding=&#8220;0px|||||&#8220; global_colors_info=&#8220;{}&#8220;][\/et_pb_gallery][et_pb_divider show_divider=&#8220;off&#8220; _builder_version=&#8220;4.24.2&#8243; _module_preset=&#8220;default&#8220; custom_padding=&#8220;25px||25px||false|false&#8220; global_colors_info=&#8220;{}&#8220;][\/et_pb_divider][\/et_pb_column][et_pb_column type=&#8220;1_2&#8243; _builder_version=&#8220;4.16&#8243; global_colors_info=&#8220;{}&#8220;][et_pb_text _builder_version=&#8220;4.24.2&#8243; text_text_color=&#8220;#000000&#8243; text_font_size=&#8220;24px&#8220; text_line_height=&#8220;1.6em&#8220; global_colors_info=&#8220;{}&#8220;]<\/p>\n<h2 style=\"text-align: left;\"><strong>Fr\u00fchjahrskonzert: 25.05.2024<\/strong><\/h2>\n<p>[\/et_pb_text][et_pb_gallery gallery_ids=&#8220;1620,1621,1622,1623,1624,1625,1626,1627,1628,1629,1630,1631,1632,1633,1634,1635&#8243; fullwidth=&#8220;on&#8220; _builder_version=&#8220;4.24.2&#8243; text_orientation=&#8220;center&#8220; custom_padding=&#8220;0px|||||&#8220; global_colors_info=&#8220;{}&#8220;][\/et_pb_gallery][et_pb_divider show_divider=&#8220;off&#8220; _builder_version=&#8220;4.24.2&#8243; _module_preset=&#8220;default&#8220; custom_padding=&#8220;25px||25px||false|false&#8220; global_colors_info=&#8220;{}&#8220;][\/et_pb_divider][\/et_pb_column][\/et_pb_row][et_pb_row column_structure=&#8220;1_2,1_2&#8243; _builder_version=&#8220;4.17.6&#8243; custom_margin=&#8220;-131px|auto||auto||&#8220; global_colors_info=&#8220;{}&#8220;][et_pb_column type=&#8220;1_2&#8243; _builder_version=&#8220;4.16&#8243; global_colors_info=&#8220;{}&#8220;][et_pb_text _builder_version=&#8220;4.24.2&#8243; text_text_color=&#8220;#000000&#8243; text_font_size=&#8220;24px&#8220; text_line_height=&#8220;1.6em&#8220; global_colors_info=&#8220;{}&#8220;]<\/p>\n<h2 style=\"text-align: left;\"><strong>Sternstunden im Advent 03.12.2023<\/strong><\/h2>\n<p>[\/et_pb_text][et_pb_gallery gallery_ids=&#8220;1509,1533,1532,1531,1530,1529,1528,1527,1526,1525,1524,1523,1522,1521,1520,1519,1518,1517,1516,1515,1514,1513,1512,1511,1510&#8243; fullwidth=&#8220;on&#8220; _builder_version=&#8220;4.24.2&#8243; text_orientation=&#8220;center&#8220; custom_padding=&#8220;0px|||||&#8220; global_colors_info=&#8220;{}&#8220;][\/et_pb_gallery][et_pb_divider show_divider=&#8220;off&#8220; _builder_version=&#8220;4.24.2&#8243; _module_preset=&#8220;default&#8220; custom_padding=&#8220;25px||25px||false|false&#8220; global_colors_info=&#8220;{}&#8220;][\/et_pb_divider][et_pb_text _builder_version=&#8220;4.24.2&#8243; text_text_color=&#8220;#000000&#8243; text_font_size=&#8220;24px&#8220; text_line_height=&#8220;1.6em&#8220; global_colors_info=&#8220;{}&#8220;]<\/p>\n<h2 style=\"text-align: left;\"><strong>Konzert am 30.04.2023<\/strong><\/h2>\n<p>[\/et_pb_text][\/et_pb_column][et_pb_column type=&#8220;1_2&#8243; _builder_version=&#8220;4.16&#8243; global_colors_info=&#8220;{}&#8220;][et_pb_text _builder_version=&#8220;4.24.2&#8243; text_text_color=&#8220;#000000&#8243; text_font_size=&#8220;24px&#8220; text_line_height=&#8220;1.6em&#8220; global_colors_info=&#8220;{}&#8220;]<\/p>\n<h2 style=\"text-align: left;\"><strong>Bad Zwischenahn 28.06-02.07.2023<\/strong><\/h2>\n<p>[\/et_pb_text][et_pb_gallery gallery_ids=&#8220;1571,1572,1573,1574,1575,1576,1577,1578,1579,1580,1581,1582,1583,1584,1585,1586&#8243; fullwidth=&#8220;on&#8220; _builder_version=&#8220;4.24.2&#8243; text_orientation=&#8220;center&#8220; custom_padding=&#8220;0px|||||&#8220; global_colors_info=&#8220;{}&#8220;][\/et_pb_gallery][et_pb_divider show_divider=&#8220;off&#8220; _builder_version=&#8220;4.24.2&#8243; _module_preset=&#8220;default&#8220; custom_padding=&#8220;25px||25px||false|false&#8220; global_colors_info=&#8220;{}&#8220;][\/et_pb_divider][\/et_pb_column][\/et_pb_row][et_pb_row column_structure=&#8220;1_2,1_2&#8243; _builder_version=&#8220;4.17.6&#8243; custom_margin=&#8220;-131px|auto||auto||&#8220; global_colors_info=&#8220;{}&#8220;][et_pb_column type=&#8220;1_2&#8243; _builder_version=&#8220;4.16&#8243; global_colors_info=&#8220;{}&#8220;][et_pb_gallery gallery_ids=&#8220;1596,1597,1598,1599,1600,1601,1602,1603&#8243; fullwidth=&#8220;on&#8220; _builder_version=&#8220;4.24.2&#8243; text_orientation=&#8220;center&#8220; custom_padding=&#8220;0px|||||&#8220; global_colors_info=&#8220;{}&#8220;][\/et_pb_gallery][et_pb_divider show_divider=&#8220;off&#8220; _builder_version=&#8220;4.24.2&#8243; _module_preset=&#8220;default&#8220; custom_padding=&#8220;25px||25px||false|false&#8220; global_colors_info=&#8220;{}&#8220;][\/et_pb_divider][\/et_pb_column][et_pb_column type=&#8220;1_2&#8243; _builder_version=&#8220;4.16&#8243; global_colors_info=&#8220;{}&#8220;][et_pb_text _builder_version=&#8220;4.24.2&#8243; text_text_color=&#8220;#000000&#8243; text_font_size=&#8220;24px&#8220; text_line_height=&#8220;1.6em&#8220; global_colors_info=&#8220;{}&#8220;]<\/p>\n<h2 style=\"text-align: left;\"><strong>Sternstunden im Advent 27.11.2022<\/strong><\/h2>\n<p>[\/et_pb_text][et_pb_gallery gallery_ids=&#8220;1485,1340,1484,1483,1482,1481,1480,1479,1478,1477,1476,1475,1473,1471,1468,1465,1463,1461,1458,1454,1452,1450,1447,1445,1443,1441,1439,1436,1434,1431,1429,1427,1419,1415,1411,1406,1402,1397,1393,1388,1384,1380,1376,1371,1367,1361,1357,1354,1350,1346&#8243; fullwidth=&#8220;on&#8220; _builder_version=&#8220;4.24.2&#8243; text_orientation=&#8220;center&#8220; custom_padding=&#8220;0px|||||&#8220; global_colors_info=&#8220;{}&#8220;][\/et_pb_gallery][et_pb_divider show_divider=&#8220;off&#8220; _builder_version=&#8220;4.24.2&#8243; _module_preset=&#8220;default&#8220; custom_padding=&#8220;25px||25px||false|false&#8220; global_colors_info=&#8220;{}&#8220;][\/et_pb_divider][\/et_pb_column][\/et_pb_row][et_pb_row column_structure=&#8220;1_2,1_2&#8243; _builder_version=&#8220;4.17.6&#8243; custom_margin=&#8220;-131px|auto||auto||&#8220; global_colors_info=&#8220;{}&#8220;][et_pb_column type=&#8220;1_2&#8243; _builder_version=&#8220;4.16&#8243; global_colors_info=&#8220;{}&#8220;][et_pb_text _builder_version=&#8220;4.24.2&#8243; text_text_color=&#8220;#000000&#8243; text_font_size=&#8220;24px&#8220; text_line_height=&#8220;1.6em&#8220; global_colors_info=&#8220;{}&#8220;]<\/p>\n<h2 style=\"text-align: left;\"><strong>Concert Crescendo 15.10.2022<\/strong><\/h2>\n<p>[\/et_pb_text][et_pb_gallery gallery_ids=&#8220;1330,1331,1332,1333,1334,1335,1336,1337,1338,1339,1341,1342,1343,1344,1345,1347,1348,1349,1351,1352,1353,1355,1356,1358,1359,1360,1362,1363,1364,1365,1366,1368,1369,1370,1372,1373,1374,1375,1377,1378,1379,1381,1382,1383,1385,1386,1387,1389,1390,1391,1392,1394,1395,1396,1398,1399,1400,1401,1403,1404,1405,1407,1408,1409,1410,1412,1413,1414,1416,1417,1418,1420,1421,1422,1423,1424,1425,1426,1428,1430,1432,1433,1435,1437,1438,1440,1442,1444,1446,1448,1449,1451,1453,1455,1456,1457,1459,1460,1462,1464,1466,1467,1469,1470,1472,1474&#8243; fullwidth=&#8220;on&#8220; _builder_version=&#8220;4.24.2&#8243; text_orientation=&#8220;center&#8220; custom_padding=&#8220;0px|||||&#8220; global_colors_info=&#8220;{}&#8220;][\/et_pb_gallery][et_pb_divider show_divider=&#8220;off&#8220; _builder_version=&#8220;4.24.2&#8243; _module_preset=&#8220;default&#8220; custom_padding=&#8220;25px||25px||false|false&#8220; global_colors_info=&#8220;{}&#8220;][\/et_pb_divider][\/et_pb_column][et_pb_column type=&#8220;1_2&#8243; _builder_version=&#8220;4.16&#8243; global_colors_info=&#8220;{}&#8220;][et_pb_text _builder_version=&#8220;4.17.6&#8243; text_text_color=&#8220;#000000&#8243; text_font_size=&#8220;24px&#8220; text_line_height=&#8220;1.6em&#8220; global_colors_info=&#8220;{}&#8220;]<\/p>\n<h2 style=\"text-align: left;\"><strong>Sommerkonzert 12.06.2022<br \/><\/strong><\/h2>\n<p>[\/et_pb_text][et_pb_gallery gallery_ids=&#8220;967,968,969,970,971,972,973,974,975,976,977,978,979,980,981,982,983,984,985,986,987,988,989&#8243; fullwidth=&#8220;on&#8220; _builder_version=&#8220;4.17.6&#8243; text_orientation=&#8220;center&#8220; custom_padding=&#8220;0px|||||&#8220; global_colors_info=&#8220;{}&#8220;][\/et_pb_gallery][et_pb_divider show_divider=&#8220;off&#8220; _builder_version=&#8220;4.24.2&#8243; _module_preset=&#8220;default&#8220; custom_padding=&#8220;25px||25px||false|false&#8220; global_colors_info=&#8220;{}&#8220;][\/et_pb_divider][\/et_pb_column][\/et_pb_row][et_pb_row column_structure=&#8220;1_2,1_2&#8243; _builder_version=&#8220;4.17.6&#8243; custom_margin=&#8220;-131px|auto||auto||&#8220; global_colors_info=&#8220;{}&#8220;][et_pb_column type=&#8220;1_2&#8243; _builder_version=&#8220;4.16&#8243; global_colors_info=&#8220;{}&#8220;][et_pb_text _builder_version=&#8220;4.16&#8243; text_text_color=&#8220;#000000&#8243; text_font_size=&#8220;24px&#8220; text_line_height=&#8220;1.6em&#8220; global_colors_info=&#8220;{}&#8220;]<\/p>\n<h2 style=\"text-align: left;\"><strong>Fr\u00fchjahr 2019<br \/><\/strong><\/h2>\n<p>[\/et_pb_text][et_pb_gallery gallery_ids=&#8220;271,272,273,274,275,276,277,278,279&#8243; fullwidth=&#8220;on&#8220; _builder_version=&#8220;4.17.6&#8243; text_orientation=&#8220;center&#8220; global_colors_info=&#8220;{}&#8220;][\/et_pb_gallery][et_pb_divider show_divider=&#8220;off&#8220; _builder_version=&#8220;4.24.2&#8243; _module_preset=&#8220;default&#8220; custom_padding=&#8220;25px||25px||false|false&#8220; global_colors_info=&#8220;{}&#8220;][\/et_pb_divider][\/et_pb_column][et_pb_column type=&#8220;1_2&#8243; _builder_version=&#8220;4.16&#8243; global_colors_info=&#8220;{}&#8220;][et_pb_text _builder_version=&#8220;4.21.0&#8243; text_text_color=&#8220;#000000&#8243; text_font_size=&#8220;24px&#8220; text_line_height=&#8220;1.6em&#8220; min_height=&#8220;30px&#8220; custom_margin=&#8220;-30px||30px|1px||&#8220; custom_padding=&#8220;23px||9px|||&#8220; global_colors_info=&#8220;{}&#8220;]<\/p>\n<h2 style=\"text-align: left;\"><strong>Paris 2019<br \/><\/strong><\/h2>\n<p>[\/et_pb_text][et_pb_gallery gallery_ids=&#8220;448,445,444,446,447,449,467,466,465,464,463&#8243; fullwidth=&#8220;on&#8220; _builder_version=&#8220;4.16&#8243; text_orientation=&#8220;center&#8220; min_height=&#8220;325px&#8220; custom_margin=&#8220;-44px||-65px|||&#8220; custom_padding=&#8220;47px||0px|||&#8220; global_colors_info=&#8220;{}&#8220;][\/et_pb_gallery][et_pb_divider show_divider=&#8220;off&#8220; _builder_version=&#8220;4.24.2&#8243; _module_preset=&#8220;default&#8220; custom_padding=&#8220;25px||25px||false|false&#8220; global_colors_info=&#8220;{}&#8220;][\/et_pb_divider][\/et_pb_column][\/et_pb_row][et_pb_row column_structure=&#8220;1_2,1_2&#8243; _builder_version=&#8220;4.21.0&#8243; custom_margin=&#8220;-2px|auto||auto||&#8220; global_colors_info=&#8220;{}&#8220;][et_pb_column type=&#8220;1_2&#8243; _builder_version=&#8220;4.16&#8243; global_colors_info=&#8220;{}&#8220;][et_pb_text _builder_version=&#8220;4.16&#8243; text_text_color=&#8220;#000000&#8243; text_font_size=&#8220;24px&#8220; text_line_height=&#8220;1.6em&#8220; global_colors_info=&#8220;{}&#8220;]<\/p>\n<h2 style=\"text-align: left;\"><strong>Bad Neustadt 2018<br \/><\/strong><\/h2>\n<p>[\/et_pb_text][et_pb_gallery gallery_ids=&#8220;270,473,471,469,470,468,268,269,472&#8243; fullwidth=&#8220;on&#8220; _builder_version=&#8220;4.16&#8243; text_orientation=&#8220;center&#8220; global_colors_info=&#8220;{}&#8220;][\/et_pb_gallery][\/et_pb_column][et_pb_column type=&#8220;1_2&#8243; _builder_version=&#8220;4.16&#8243; global_colors_info=&#8220;{}&#8220;][et_pb_text _builder_version=&#8220;4.16&#8243; text_text_color=&#8220;#000000&#8243; text_font_size=&#8220;24px&#8220; text_line_height=&#8220;1.6em&#8220; global_colors_info=&#8220;{}&#8220;]<\/p>\n<h2 style=\"text-align: left;\"><strong>16.12.2018 Weihnachtskonzert<\/strong><\/h2>\n<p>[\/et_pb_text][et_pb_gallery gallery_ids=&#8220;256,258,259,260,261,262&#8243; fullwidth=&#8220;on&#8220; _builder_version=&#8220;4.16&#8243; text_orientation=&#8220;center&#8220; global_colors_info=&#8220;{}&#8220;][\/et_pb_gallery][\/et_pb_column][\/et_pb_row][\/et_pb_section]<\/p>\n","protected":false},"excerpt":{"rendered":"<p>Bildergalerie Wir danken Thomas W\u00f6lfer f\u00fcr die freundliche \u00dcberlassung der Bilder! www.ARThomas.deNeujahrsempfang der Ohligser Jongens: 11.02.2026Weihnachtskonzert: 07.12.2025Fotos: Thomas W\u00f6lferKlingenklang: 14.06.2025Fotos: Thomas W\u00f6lferWeihnachtskonzert: 01.12.2024Chorfahrt in den Harz: 06.-10.06.2024Fr\u00fchjahrskonzert: 25.05.2024Sternstunden im Advent 03.12.2023Konzert am 30.04.2023Bad Zwischenahn 28.06-02.07.2023Sternstunden im Advent 27.11.2022Concert Crescendo 15.10.2022Sommerkonzert 12.06.2022Fr\u00fchjahr 2019Paris 2019Bad Neustadt 201816.12.2018 Weihnachtskonzert<\/p>\n","protected":false},"author":3,"featured_media":0,"parent":0,"menu_order":0,"comment_status":"closed","ping_status":"closed","template":"","meta":{"_et_pb_use_builder":"on","_et_pb_old_content":"","_et_gb_content_width":"","footnotes":""},"class_list":["post-176","page","type-page","status-publish","hentry"],"_links":{"self":[{"href":"https:\/\/chorgemeinschaft-aufderhoehe.de\/index.php?rest_route=\/wp\/v2\/pages\/176","targetHints":{"allow":["GET"]}}],"collection":[{"href":"https:\/\/chorgemeinschaft-aufderhoehe.de\/index.php?rest_route=\/wp\/v2\/pages"}],"about":[{"href":"https:\/\/chorgemeinschaft-aufderhoehe.de\/index.php?rest_route=\/wp\/v2\/types\/page"}],"author":[{"embeddable":true,"href":"https:\/\/chorgemeinschaft-aufderhoehe.de\/index.php?rest_route=\/wp\/v2\/users\/3"}],"replies":[{"embeddable":true,"href":"https:\/\/chorgemeinschaft-aufderhoehe.de\/index.php?rest_route=%2Fwp%2Fv2%2Fcomments&post=176"}],"version-history":[{"count":41,"href":"https:\/\/chorgemeinschaft-aufderhoehe.de\/index.php?rest_route=\/wp\/v2\/pages\/176\/revisions"}],"predecessor-version":[{"id":1804,"href":"https:\/\/chorgemeinschaft-aufderhoehe.de\/index.php?rest_route=\/wp\/v2\/pages\/176\/revisions\/1804"}],"wp:attachment":[{"href":"https:\/\/chorgemeinschaft-aufderhoehe.de\/index.php?rest_route=%2Fwp%2Fv2%2Fmedia&parent=176"}],"curies":[{"name":"wp","href":"https:\/\/api.w.org\/{rel}","templated":true}]}}