{"id":201,"date":"2019-08-07T13:36:04","date_gmt":"2019-08-07T13:36:04","guid":{"rendered":"https:\/\/chorgemeinschaft-aufderhoehe.de\/?page_id=201"},"modified":"2024-04-22T14:51:50","modified_gmt":"2024-04-22T14:51:50","slug":"impressum","status":"publish","type":"page","link":"https:\/\/chorgemeinschaft-aufderhoehe.de\/?page_id=201","title":{"rendered":"Impressum"},"content":{"rendered":"<p>[et_pb_section fb_built=&#8220;1&#8243; _builder_version=&#8220;4.16&#8243; background_image=&#8220;https:\/\/chorgemeinschaft-aufderhoehe.de\/wp-content\/uploads\/2019\/08\/background-unterseiten.png&#8220; background_size=&#8220;initial&#8220; custom_padding=&#8220;||202px|||&#8220; global_colors_info=&#8220;{}&#8220;][et_pb_row _builder_version=&#8220;4.16&#8243; custom_margin=&#8220;0px||||false|false&#8220; custom_padding=&#8220;0px||||false|false&#8220; global_colors_info=&#8220;{}&#8220;][et_pb_column type=&#8220;4_4&#8243; _builder_version=&#8220;4.16&#8243; global_colors_info=&#8220;{}&#8220;][et_pb_text _builder_version=&#8220;4.16&#8243; header_font=&#8220;Libre Baskerville||||||||&#8220; header_text_align=&#8220;center&#8220; header_font_size=&#8220;65px&#8220; custom_padding=&#8220;109px||0px|||&#8220; global_colors_info=&#8220;{}&#8220;]<\/p>\n<h1>Impressum<\/h1>\n<p>[\/et_pb_text][\/et_pb_column][\/et_pb_row][\/et_pb_section][et_pb_section fb_built=&#8220;1&#8243; _builder_version=&#8220;4.16&#8243; custom_padding=&#8220;56px|||||&#8220; global_colors_info=&#8220;{}&#8220;][et_pb_row _builder_version=&#8220;4.16&#8243; global_colors_info=&#8220;{}&#8220;][et_pb_column type=&#8220;4_4&#8243; _builder_version=&#8220;4.16&#8243; global_colors_info=&#8220;{}&#8220;][et_pb_text _builder_version=&#8220;4.24.2&#8243; hover_enabled=&#8220;0&#8243; global_colors_info=&#8220;{}&#8220; sticky_enabled=&#8220;0&#8243;]<\/p>\n<h2>Impressum<\/h2>\n<p><strong>Chorgemeinschaft Aufderh\u00f6he 1892 e.V.<\/strong><\/p>\n<p>co: Dr. Claudia Schopphoff, Deusberger Str.1<br \/>42697 Solingen<br \/>Telefon: 0212 \/ 333716<\/p>\n<p>E-Mail:info@chorgemeinschaft-aufderhoehe.de<\/p>\n<p><span class=\"impressum_titel\">Sitz:<\/span><br \/>Solingen<\/p>\n<p><span class=\"impressum_titel\">Vertretungsberechtigte Vorstandsmitglieder:<\/span><br \/>Karin Witte, Beate Keull<\/p>\n<p><span class=\"impressum_titel\">Registergericht:<\/span><br \/>Amtsgericht Solingen<\/p>\n<p><span class=\"impressum_titel\">Registernummer:<\/span><br \/>VR 1643<\/p>\n<p><span class=\"impressum_titel\">Inhaltlich Verantwortlich:<\/span><br \/>Kurt-Alfred Schneider<\/p>\n<p><span class=\"impressum_titel\">Nutzungsbedingungen<\/span><br \/>Eine Vervielf\u00e4ltigung oder Verwendung von auf dieser Seite ver\u00f6ffentlichten Grafiken oder Texten in anderen Publikationen ist ohne unsere ausdr\u00fcckliche Zustimmung nicht gestattet.<\/p>\n<p><span class=\"impressum_titel\">Haftungsausschluss<\/span><br \/>Trotz sorgf\u00e4ltiger inhaltlicher Kontrolle \u00fcbernehmen wir keine Haftung f\u00fcr die Inhalte externer Links. F\u00fcr den Inhalt der verlinkten Seiten sind ausschlie\u00dflich deren Betreiber verantwortlich.<\/p>\n<p><span class=\"impressum_titel\">Datenschutzhinweis<\/span><br \/>Den Datenschutzhinweis finden Sie auf einer eigenst\u00e4ndigen <a href=\"https:\/\/www.meinchor.de\/chorgemeinschaft-aufderhoehe\/datenschutz.htm\">Datenschutzseite<\/a>. Die Datenschutzseite ist ganz unten auf jeder Seite auch direkt verlinkt.<\/p>\n<p>&#8211;<\/p>\n<p><strong>Bildlizenzen von:<\/strong> <a href=\"http:\/\/www.freepik.com\">Designed by Freepik<\/a><a href=\"http:\/\/www.freepik.com\">Designed by Kjpargeter \/ Freepik<\/a><\/p>\n<p>[\/et_pb_text][\/et_pb_column][\/et_pb_row][\/et_pb_section]<\/p>\n","protected":false},"excerpt":{"rendered":"<p>ImpressumImpressum Chorgemeinschaft Aufderh\u00f6he 1892 e.V. co: Dr. Claudia Schopphoff, Deusberger Str.142697 SolingenTelefon: 0212 \/ 333716 E-Mail:info@chorgemeinschaft-aufderhoehe.de Sitz:Solingen Vertretungsberechtigte Vorstandsmitglieder:Karin Witte, Beate Keull Registergericht:Amtsgericht Solingen Registernummer:VR 1643 Inhaltlich Verantwortlich:Kurt-Alfred Schneider NutzungsbedingungenEine Vervielf\u00e4ltigung oder Verwendung von auf dieser Seite ver\u00f6ffentlichten Grafiken oder Texten in anderen Publikationen ist ohne unsere ausdr\u00fcckliche Zustimmung nicht gestattet. HaftungsausschlussTrotz sorgf\u00e4ltiger inhaltlicher Kontrolle [&hellip;]<\/p>\n","protected":false},"author":3,"featured_media":0,"parent":0,"menu_order":0,"comment_status":"closed","ping_status":"closed","template":"","meta":{"_et_pb_use_builder":"on","_et_pb_old_content":"","_et_gb_content_width":"","footnotes":""},"class_list":["post-201","page","type-page","status-publish","hentry"],"_links":{"self":[{"href":"https:\/\/chorgemeinschaft-aufderhoehe.de\/index.php?rest_route=\/wp\/v2\/pages\/201","targetHints":{"allow":["GET"]}}],"collection":[{"href":"https:\/\/chorgemeinschaft-aufderhoehe.de\/index.php?rest_route=\/wp\/v2\/pages"}],"about":[{"href":"https:\/\/chorgemeinschaft-aufderhoehe.de\/index.php?rest_route=\/wp\/v2\/types\/page"}],"author":[{"embeddable":true,"href":"https:\/\/chorgemeinschaft-aufderhoehe.de\/index.php?rest_route=\/wp\/v2\/users\/3"}],"replies":[{"embeddable":true,"href":"https:\/\/chorgemeinschaft-aufderhoehe.de\/index.php?rest_route=%2Fwp%2Fv2%2Fcomments&post=201"}],"version-history":[{"count":11,"href":"https:\/\/chorgemeinschaft-aufderhoehe.de\/index.php?rest_route=\/wp\/v2\/pages\/201\/revisions"}],"predecessor-version":[{"id":1608,"href":"https:\/\/chorgemeinschaft-aufderhoehe.de\/index.php?rest_route=\/wp\/v2\/pages\/201\/revisions\/1608"}],"wp:attachment":[{"href":"https:\/\/chorgemeinschaft-aufderhoehe.de\/index.php?rest_route=%2Fwp%2Fv2%2Fmedia&parent=201"}],"curies":[{"name":"wp","href":"https:\/\/api.w.org\/{rel}","templated":true}]}}